{"id":229,"date":"2023-08-15T17:59:28","date_gmt":"2023-08-15T17:59:28","guid":{"rendered":"https:\/\/inpacksolution.com.mx\/?page_id=229"},"modified":"2023-08-30T18:51:43","modified_gmt":"2023-08-30T18:51:43","slug":"cajas","status":"publish","type":"page","link":"https:\/\/staging.inpacksolution.com.mx\/index.php\/cajas\/","title":{"rendered":"cajas"},"content":{"rendered":"\t\t<div data-elementor-type=\"wp-page\" data-elementor-id=\"229\" class=\"elementor elementor-229\">\n\t\t\t\t<div class=\"elementor-element elementor-element-6a0beb46 e-flex e-con-boxed e-con e-parent\" data-id=\"6a0beb46\" data-element_type=\"container\" data-settings=\"{&quot;background_background&quot;:&quot;classic&quot;}\">\n\t\t\t\t\t<div class=\"e-con-inner\">\n\t\t\t\t<div class=\"elementor-element elementor-element-6cf3af4c animated-slow elementor-invisible elementor-widget elementor-widget-heading\" data-id=\"6cf3af4c\" data-element_type=\"widget\" data-settings=\"{&quot;_animation&quot;:&quot;slideInUp&quot;}\" data-widget_type=\"heading.default\">\n\t\t\t\t<div class=\"elementor-widget-container\">\n\t\t\t\t\t<h2 class=\"elementor-heading-title elementor-size-default\">Cajas de cart\u00f3n<\/h2>\t\t\t\t<\/div>\n\t\t\t\t<\/div>\n\t\t\t\t<div class=\"elementor-element elementor-element-319bd062 animated-slow elementor-invisible elementor-widget elementor-widget-heading\" data-id=\"319bd062\" data-element_type=\"widget\" data-settings=\"{&quot;_animation&quot;:&quot;slideInUp&quot;}\" data-widget_type=\"heading.default\">\n\t\t\t\t<div class=\"elementor-widget-container\">\n\t\t\t\t\t<h1 class=\"elementor-heading-title elementor-size-small\">Nuestra pasi\u00f3n por el empaque nos impulsa a ofrecerte lo mejor en soluciones de embalaje. <\/h1>\t\t\t\t<\/div>\n\t\t\t\t<\/div>\n\t\t\t\t\t<\/div>\n\t\t\t\t<\/div>\n\t\t<div class=\"elementor-element elementor-element-f4cf564 e-flex e-con-boxed e-con e-parent\" data-id=\"f4cf564\" data-element_type=\"container\">\n\t\t\t\t\t<div class=\"e-con-inner\">\n\t\t\t\t<div class=\"elementor-element elementor-element-24a161a4 elementor-widget elementor-widget-text-editor\" data-id=\"24a161a4\" data-element_type=\"widget\" data-widget_type=\"text-editor.default\">\n\t\t\t\t<div class=\"elementor-widget-container\">\n\t\t\t\t\t\t\t\t\t<p><strong>Con nuestras cajas de cart\u00f3n corrugado, te ofrecemos un mundo de posibilidades para proteger y presentar tus productos de manera excepcional<\/strong><\/p>\t\t\t\t\t\t\t\t<\/div>\n\t\t\t\t<\/div>\n\t\t\t\t\t<\/div>\n\t\t\t\t<\/div>\n\t\t<div class=\"elementor-element elementor-element-e97b3f7 e-flex e-con-boxed e-con e-parent\" data-id=\"e97b3f7\" data-element_type=\"container\">\n\t\t\t\t\t<div class=\"e-con-inner\">\n\t\t<div class=\"elementor-element elementor-element-ef69876 e-con-full e-flex e-con e-parent\" data-id=\"ef69876\" data-element_type=\"container\">\n\t\t\t\t<div class=\"elementor-element elementor-element-7cdc8442 elementor-widget elementor-widget-heading\" data-id=\"7cdc8442\" data-element_type=\"widget\" data-widget_type=\"heading.default\">\n\t\t\t\t<div class=\"elementor-widget-container\">\n\t\t\t\t\t<h3 class=\"elementor-heading-title elementor-size-default\">Resistencia <br>a Medida<\/h3>\t\t\t\t<\/div>\n\t\t\t\t<\/div>\n\t\t\t\t<div class=\"elementor-element elementor-element-17d8bd57 elementor-position-top elementor-widget elementor-widget-image-box\" data-id=\"17d8bd57\" data-element_type=\"widget\" data-widget_type=\"image-box.default\">\n\t\t\t\t<div class=\"elementor-widget-container\">\n\t\t\t\t\t<div class=\"elementor-image-box-wrapper\"><figure class=\"elementor-image-box-img\"><img fetchpriority=\"high\" decoding=\"async\" width=\"1200\" height=\"600\" src=\"https:\/\/staging.inpacksolution.com.mx\/wp-content\/uploads\/2023\/08\/6.png\" class=\"attachment-full size-full wp-image-239\" alt=\"\" srcset=\"https:\/\/staging.inpacksolution.com.mx\/wp-content\/uploads\/2023\/08\/6.png 1200w, https:\/\/staging.inpacksolution.com.mx\/wp-content\/uploads\/2023\/08\/6-300x150.png 300w, https:\/\/staging.inpacksolution.com.mx\/wp-content\/uploads\/2023\/08\/6-1024x512.png 1024w, https:\/\/staging.inpacksolution.com.mx\/wp-content\/uploads\/2023\/08\/6-768x384.png 768w\" sizes=\"(max-width: 1200px) 100vw, 1200px\" \/><\/figure><div class=\"elementor-image-box-content\"><p class=\"elementor-image-box-description\">Manejamos corrugado flauta \u201cB\u201d, \u201cC\u201d y \u201cBC\u201d, as\u00ed como Kraft y blanco, en resistencias de 23 al 51 kg\/cm2 en ECT. Esto asegura que tu producto est\u00e9 protegido durante su transporte y almacenamiento, sin importar su naturaleza o fragilidad.<\/p><\/div><\/div>\t\t\t\t<\/div>\n\t\t\t\t<\/div>\n\t\t\t\t<\/div>\n\t\t<div class=\"elementor-element elementor-element-67e922c e-con-full e-flex e-con e-parent\" data-id=\"67e922c\" data-element_type=\"container\">\n\t\t\t\t<div class=\"elementor-element elementor-element-3d7b4ced elementor-widget elementor-widget-heading\" data-id=\"3d7b4ced\" data-element_type=\"widget\" data-widget_type=\"heading.default\">\n\t\t\t\t<div class=\"elementor-widget-container\">\n\t\t\t\t\t<h3 class=\"elementor-heading-title elementor-size-default\">Personalizaci\u00f3n a tu Estilo: <\/h3>\t\t\t\t<\/div>\n\t\t\t\t<\/div>\n\t\t\t\t<div class=\"elementor-element elementor-element-2558c9eb elementor-position-top elementor-widget elementor-widget-image-box\" data-id=\"2558c9eb\" data-element_type=\"widget\" data-widget_type=\"image-box.default\">\n\t\t\t\t<div class=\"elementor-widget-container\">\n\t\t\t\t\t<div class=\"elementor-image-box-wrapper\"><figure class=\"elementor-image-box-img\"><img decoding=\"async\" width=\"1200\" height=\"600\" src=\"https:\/\/staging.inpacksolution.com.mx\/wp-content\/uploads\/2023\/08\/impresos.png\" class=\"attachment-full size-full wp-image-383\" alt=\"\" srcset=\"https:\/\/staging.inpacksolution.com.mx\/wp-content\/uploads\/2023\/08\/impresos.png 1200w, https:\/\/staging.inpacksolution.com.mx\/wp-content\/uploads\/2023\/08\/impresos-300x150.png 300w, https:\/\/staging.inpacksolution.com.mx\/wp-content\/uploads\/2023\/08\/impresos-1024x512.png 1024w, https:\/\/staging.inpacksolution.com.mx\/wp-content\/uploads\/2023\/08\/impresos-768x384.png 768w\" sizes=\"(max-width: 1200px) 100vw, 1200px\" \/><\/figure><div class=\"elementor-image-box-content\"><p class=\"elementor-image-box-description\">Sabemos que cada producto es \u00fanico y merece una presentaci\u00f3n especial. Por eso, imprimimos en Flexograf\u00eda hasta en 3 tintas. Nos ajustamos a tus especificaciones, creando cajas que reflejen tu imagen de marca y satisfagan las necesidades de empaque y comercializaci\u00f3n.<\/p><\/div><\/div>\t\t\t\t<\/div>\n\t\t\t\t<\/div>\n\t\t\t\t<\/div>\n\t\t\t\t\t<\/div>\n\t\t\t\t<\/div>\n\t\t<div class=\"elementor-element elementor-element-3f6c16b e-flex e-con-boxed e-con e-parent\" data-id=\"3f6c16b\" data-element_type=\"container\" data-settings=\"{&quot;background_background&quot;:&quot;classic&quot;}\">\n\t\t\t\t\t<div class=\"e-con-inner\">\n\t\t<div class=\"elementor-element elementor-element-a116c39 e-con-full e-flex e-con e-parent\" data-id=\"a116c39\" data-element_type=\"container\">\n\t\t\t\t<div class=\"elementor-element elementor-element-360e455 elementor-widget elementor-widget-heading\" data-id=\"360e455\" data-element_type=\"widget\" data-widget_type=\"heading.default\">\n\t\t\t\t<div class=\"elementor-widget-container\">\n\t\t\t\t\t<h3 class=\"elementor-heading-title elementor-size-default\">Cajas para frutas y verduras<\/h3>\t\t\t\t<\/div>\n\t\t\t\t<\/div>\n\t\t\t\t<div class=\"elementor-element elementor-element-f100f6c elementor-position-top elementor-widget elementor-widget-image-box\" data-id=\"f100f6c\" data-element_type=\"widget\" data-widget_type=\"image-box.default\">\n\t\t\t\t<div class=\"elementor-widget-container\">\n\t\t\t\t\t<div class=\"elementor-image-box-wrapper\"><figure class=\"elementor-image-box-img\"><img decoding=\"async\" width=\"1200\" height=\"600\" src=\"https:\/\/staging.inpacksolution.com.mx\/wp-content\/uploads\/2023\/08\/caja-1.png\" class=\"attachment-full size-full wp-image-426\" alt=\"\" srcset=\"https:\/\/staging.inpacksolution.com.mx\/wp-content\/uploads\/2023\/08\/caja-1.png 1200w, https:\/\/staging.inpacksolution.com.mx\/wp-content\/uploads\/2023\/08\/caja-1-300x150.png 300w, https:\/\/staging.inpacksolution.com.mx\/wp-content\/uploads\/2023\/08\/caja-1-1024x512.png 1024w, https:\/\/staging.inpacksolution.com.mx\/wp-content\/uploads\/2023\/08\/caja-1-768x384.png 768w\" sizes=\"(max-width: 1200px) 100vw, 1200px\" \/><\/figure><div class=\"elementor-image-box-content\"><p class=\"elementor-image-box-description\">Caja de carton para frutas y verduras con impresi\u00f3n hasta de 3 tintas.\nConserva tus productos frescos y con tu marca.<\/p><\/div><\/div>\t\t\t\t<\/div>\n\t\t\t\t<\/div>\n\t\t\t\t<\/div>\n\t\t<div class=\"elementor-element elementor-element-330c63e e-con-full e-flex e-con e-parent\" data-id=\"330c63e\" data-element_type=\"container\">\n\t\t\t\t<div class=\"elementor-element elementor-element-b99e2b2 elementor-widget elementor-widget-heading\" data-id=\"b99e2b2\" data-element_type=\"widget\" data-widget_type=\"heading.default\">\n\t\t\t\t<div class=\"elementor-widget-container\">\n\t\t\t\t\t<h3 class=\"elementor-heading-title elementor-size-default\">Cajas Especiales para Pizza<\/h3>\t\t\t\t<\/div>\n\t\t\t\t<\/div>\n\t\t\t\t<div class=\"elementor-element elementor-element-e97c229 elementor-position-top elementor-widget elementor-widget-image-box\" data-id=\"e97c229\" data-element_type=\"widget\" data-widget_type=\"image-box.default\">\n\t\t\t\t<div class=\"elementor-widget-container\">\n\t\t\t\t\t<div class=\"elementor-image-box-wrapper\"><figure class=\"elementor-image-box-img\"><img loading=\"lazy\" decoding=\"async\" width=\"1200\" height=\"600\" src=\"https:\/\/staging.inpacksolution.com.mx\/wp-content\/uploads\/2023\/08\/5.png\" class=\"attachment-full size-full wp-image-237\" alt=\"\" srcset=\"https:\/\/staging.inpacksolution.com.mx\/wp-content\/uploads\/2023\/08\/5.png 1200w, https:\/\/staging.inpacksolution.com.mx\/wp-content\/uploads\/2023\/08\/5-300x150.png 300w, https:\/\/staging.inpacksolution.com.mx\/wp-content\/uploads\/2023\/08\/5-1024x512.png 1024w, https:\/\/staging.inpacksolution.com.mx\/wp-content\/uploads\/2023\/08\/5-768x384.png 768w\" sizes=\"(max-width: 1200px) 100vw, 1200px\" \/><\/figure><div class=\"elementor-image-box-content\"><p class=\"elementor-image-box-description\">Nuestras cajas para pizza est\u00e1n dise\u00f1adas con la flauta \"E\", asegurando la frescura y la temperatura adecuada de tus deliciosas creaciones. Cont\u00e1ctanos para obtener m\u00e1s detalles sobre estas cajas.<\/p><\/div><\/div>\t\t\t\t<\/div>\n\t\t\t\t<\/div>\n\t\t\t\t<\/div>\n\t\t\t\t\t<\/div>\n\t\t\t\t<\/div>\n\t\t<div class=\"elementor-element elementor-element-72c9774f e-con-full e-flex e-con e-parent\" data-id=\"72c9774f\" data-element_type=\"container\">\n\t\t\t\t<div class=\"elementor-element elementor-element-2bf77f3d elementor-widget elementor-widget-text-editor\" data-id=\"2bf77f3d\" data-element_type=\"widget\" data-widget_type=\"text-editor.default\">\n\t\t\t\t<div class=\"elementor-widget-container\">\n\t\t\t\t\t\t\t\t\t<p><strong>Conf\u00eda en nuestra experiencia y compromiso con la calidad para encontrar la soluci\u00f3n de empaque perfecta para ti. Ya sea que necesites cajas para productos fr\u00e1giles, alimentos o cualquier otro art\u00edculo, estamos aqu\u00ed para hacerlo posible.<\/strong><\/p><p><strong>No esperes m\u00e1s para mejorar la presentaci\u00f3n y protecci\u00f3n de tus productos. <\/strong><\/p>\t\t\t\t\t\t\t\t<\/div>\n\t\t\t\t<\/div>\n\t\t\t\t<\/div>\n\t\t<div class=\"elementor-element elementor-element-515c41af e-con-full e-flex e-con e-parent\" data-id=\"515c41af\" data-element_type=\"container\" data-settings=\"{&quot;background_background&quot;:&quot;classic&quot;}\">\n\t\t<div class=\"elementor-element elementor-element-708c159e e-con-full e-flex e-con e-parent\" data-id=\"708c159e\" data-element_type=\"container\" data-settings=\"{&quot;background_background&quot;:&quot;classic&quot;}\">\n\t\t\t\t<div class=\"elementor-element elementor-element-48741d3d elementor-widget elementor-widget-heading\" data-id=\"48741d3d\" data-element_type=\"widget\" data-widget_type=\"heading.default\">\n\t\t\t\t<div class=\"elementor-widget-container\">\n\t\t\t\t\t<h4 class=\"elementor-heading-title elementor-size-default\">\u00a1Descubre c\u00f3mo nuestras soluciones pueden llevar tu negocio al siguiente nivel!<\/h4>\t\t\t\t<\/div>\n\t\t\t\t<\/div>\n\t\t\t\t<div class=\"elementor-element elementor-element-63d7f55a elementor-widget elementor-widget-text-editor\" data-id=\"63d7f55a\" data-element_type=\"widget\" data-widget_type=\"text-editor.default\">\n\t\t\t\t<div class=\"elementor-widget-container\">\n\t\t\t\t\t\t\t\t\t<p>Esperamos poder ser tu socio confiable en soluciones de empaque.<\/p><p>\u00a1Explora nuestra p\u00e1gina y descubre c\u00f3mo podemos ayudarte a mejorar la protecci\u00f3n y presentaci\u00f3n de tus productos!<\/p>\t\t\t\t\t\t\t\t<\/div>\n\t\t\t\t<\/div>\n\t\t\t\t<div class=\"elementor-element elementor-element-3df8fb88 elementor-widget elementor-widget-button\" data-id=\"3df8fb88\" data-element_type=\"widget\" data-widget_type=\"button.default\">\n\t\t\t\t<div class=\"elementor-widget-container\">\n\t\t\t\t\t\t\t\t\t<div class=\"elementor-button-wrapper\">\n\t\t\t\t\t<a class=\"elementor-button elementor-button-link elementor-size-lg\" href=\"https:\/\/staging.inpacksolution.com.mx\/index.php\/contacto\/\">\n\t\t\t\t\t\t<span class=\"elementor-button-content-wrapper\">\n\t\t\t\t\t\t\t\t\t<span class=\"elementor-button-text\">\u00a1Contactanos ahora!<\/span>\n\t\t\t\t\t<\/span>\n\t\t\t\t\t<\/a>\n\t\t\t\t<\/div>\n\t\t\t\t\t\t\t\t<\/div>\n\t\t\t\t<\/div>\n\t\t\t\t<\/div>\n\t\t<div class=\"elementor-element elementor-element-592a1964 e-con-full e-flex e-con e-parent\" data-id=\"592a1964\" data-element_type=\"container\" data-settings=\"{&quot;background_background&quot;:&quot;classic&quot;}\">\n\t\t\t\t<\/div>\n\t\t\t\t<\/div>\n\t\t<div class=\"elementor-element elementor-element-66dbe389 e-flex e-con-boxed e-con e-parent\" data-id=\"66dbe389\" data-element_type=\"container\">\n\t\t\t\t\t<div class=\"e-con-inner\">\n\t\t\t\t\t<\/div>\n\t\t\t\t<\/div>\n\t\t\t\t<\/div>\n\t\t","protected":false},"excerpt":{"rendered":"<p>Cajas de cart\u00f3n Nuestra pasi\u00f3n por el empaque nos impulsa a ofrecerte lo mejor en soluciones de embalaje. Con nuestras cajas de cart\u00f3n corrugado, te ofrecemos un mundo de posibilidades para proteger y presentar tus productos de manera excepcional Resistencia a Medida Manejamos corrugado flauta \u201cB\u201d, \u201cC\u201d y \u201cBC\u201d, as\u00ed como Kraft y blanco, en [&hellip;]<\/p>\n","protected":false},"author":1,"featured_media":0,"parent":0,"menu_order":0,"comment_status":"closed","ping_status":"closed","template":"","meta":{"site-sidebar-layout":"no-sidebar","site-content-layout":"page-builder","ast-site-content-layout":"","site-content-style":"default","site-sidebar-style":"default","ast-global-header-display":"","ast-banner-title-visibility":"","ast-main-header-display":"","ast-hfb-above-header-display":"","ast-hfb-below-header-display":"","ast-hfb-mobile-header-display":"","site-post-title":"disabled","ast-breadcrumbs-content":"","ast-featured-img":"disabled","footer-sml-layout":"","theme-transparent-header-meta":"","adv-header-id-meta":"","stick-header-meta":"","header-above-stick-meta":"","header-main-stick-meta":"","header-below-stick-meta":"","astra-migrate-meta-layouts":"default","ast-page-background-enabled":"default","ast-page-background-meta":{"desktop":{"background-color":"var(--ast-global-color-4)","background-image":"","background-repeat":"repeat","background-position":"center center","background-size":"auto","background-attachment":"scroll","background-type":"","background-media":"","overlay-type":"","overlay-color":"","overlay-opacity":"","overlay-gradient":""},"tablet":{"background-color":"","background-image":"","background-repeat":"repeat","background-position":"center center","background-size":"auto","background-attachment":"scroll","background-type":"","background-media":"","overlay-type":"","overlay-color":"","overlay-opacity":"","overlay-gradient":""},"mobile":{"background-color":"","background-image":"","background-repeat":"repeat","background-position":"center center","background-size":"auto","background-attachment":"scroll","background-type":"","background-media":"","overlay-type":"","overlay-color":"","overlay-opacity":"","overlay-gradient":""}},"ast-content-background-meta":{"desktop":{"background-color":"var(--ast-global-color-5)","background-image":"","background-repeat":"repeat","background-position":"center center","background-size":"auto","background-attachment":"scroll","background-type":"","background-media":"","overlay-type":"","overlay-color":"","overlay-opacity":"","overlay-gradient":""},"tablet":{"background-color":"var(--ast-global-color-5)","background-image":"","background-repeat":"repeat","background-position":"center center","background-size":"auto","background-attachment":"scroll","background-type":"","background-media":"","overlay-type":"","overlay-color":"","overlay-opacity":"","overlay-gradient":""},"mobile":{"background-color":"var(--ast-global-color-5)","background-image":"","background-repeat":"repeat","background-position":"center center","background-size":"auto","background-attachment":"scroll","background-type":"","background-media":"","overlay-type":"","overlay-color":"","overlay-opacity":"","overlay-gradient":""}},"footnotes":""},"class_list":["post-229","page","type-page","status-publish","hentry"],"_links":{"self":[{"href":"https:\/\/staging.inpacksolution.com.mx\/index.php\/wp-json\/wp\/v2\/pages\/229","targetHints":{"allow":["GET"]}}],"collection":[{"href":"https:\/\/staging.inpacksolution.com.mx\/index.php\/wp-json\/wp\/v2\/pages"}],"about":[{"href":"https:\/\/staging.inpacksolution.com.mx\/index.php\/wp-json\/wp\/v2\/types\/page"}],"author":[{"embeddable":true,"href":"https:\/\/staging.inpacksolution.com.mx\/index.php\/wp-json\/wp\/v2\/users\/1"}],"replies":[{"embeddable":true,"href":"https:\/\/staging.inpacksolution.com.mx\/index.php\/wp-json\/wp\/v2\/comments?post=229"}],"version-history":[{"count":37,"href":"https:\/\/staging.inpacksolution.com.mx\/index.php\/wp-json\/wp\/v2\/pages\/229\/revisions"}],"predecessor-version":[{"id":429,"href":"https:\/\/staging.inpacksolution.com.mx\/index.php\/wp-json\/wp\/v2\/pages\/229\/revisions\/429"}],"wp:attachment":[{"href":"https:\/\/staging.inpacksolution.com.mx\/index.php\/wp-json\/wp\/v2\/media?parent=229"}],"curies":[{"name":"wp","href":"https:\/\/api.w.org\/{rel}","templated":true}]}}