{"id":253,"date":"2023-08-15T18:11:27","date_gmt":"2023-08-15T18:11:27","guid":{"rendered":"https:\/\/inpacksolution.com.mx\/?page_id=253"},"modified":"2023-08-28T23:15:32","modified_gmt":"2023-08-28T23:15:32","slug":"pelicula-elastica","status":"publish","type":"page","link":"https:\/\/staging.inpacksolution.com.mx\/index.php\/pelicula-elastica\/","title":{"rendered":"Pelicula elastica"},"content":{"rendered":"\t\t<div data-elementor-type=\"wp-page\" data-elementor-id=\"253\" class=\"elementor elementor-253\">\n\t\t\t\t<div class=\"elementor-element elementor-element-d886c26 e-flex e-con-boxed e-con e-parent\" data-id=\"d886c26\" data-element_type=\"container\" data-settings=\"{&quot;background_background&quot;:&quot;classic&quot;}\">\n\t\t\t\t\t<div class=\"e-con-inner\">\n\t\t\t\t<div class=\"elementor-element elementor-element-6c5d5abb animated-slow elementor-invisible elementor-widget elementor-widget-heading\" data-id=\"6c5d5abb\" data-element_type=\"widget\" data-settings=\"{&quot;_animation&quot;:&quot;slideInUp&quot;}\" data-widget_type=\"heading.default\">\n\t\t\t\t<div class=\"elementor-widget-container\">\n\t\t\t\t\t<h2 class=\"elementor-heading-title elementor-size-default\">Pel\u00edcula el\u00e1stica<\/h2>\t\t\t\t<\/div>\n\t\t\t\t<\/div>\n\t\t\t\t<div class=\"elementor-element elementor-element-3540cdbe animated-slow elementor-invisible elementor-widget elementor-widget-heading\" data-id=\"3540cdbe\" data-element_type=\"widget\" data-settings=\"{&quot;_animation&quot;:&quot;slideInUp&quot;}\" data-widget_type=\"heading.default\">\n\t\t\t\t<div class=\"elementor-widget-container\">\n\t\t\t\t\t<h1 class=\"elementor-heading-title elementor-size-small\">\u00a1Descubre nuestra amplia gama de productos de empaque dise\u00f1ados para satisfacer todas tus necesidades! <\/h1>\t\t\t\t<\/div>\n\t\t\t\t<\/div>\n\t\t\t\t\t<\/div>\n\t\t\t\t<\/div>\n\t\t<div class=\"elementor-element elementor-element-842d559 e-flex e-con-boxed e-con e-parent\" data-id=\"842d559\" data-element_type=\"container\">\n\t\t\t\t\t<div class=\"e-con-inner\">\n\t\t\t\t<div class=\"elementor-element elementor-element-57e2b6d5 elementor-widget elementor-widget-text-editor\" data-id=\"57e2b6d5\" data-element_type=\"widget\" data-widget_type=\"text-editor.default\">\n\t\t\t\t<div class=\"elementor-widget-container\">\n\t\t\t\t\t\t\t\t\t<p>Un film envolvente de polietileno fundido en cuatro ejes y una tecnolog\u00eda de coextrusi\u00f3n multicapa. Confiable y vers\u00e1til. Ideal para embalar, sellar y unir paquetes.<\/p>\t\t\t\t\t\t\t\t<\/div>\n\t\t\t\t<\/div>\n\t\t\t\t\t<\/div>\n\t\t\t\t<\/div>\n\t\t<div class=\"elementor-element elementor-element-ee112c3 e-grid e-con-boxed e-con e-parent\" data-id=\"ee112c3\" data-element_type=\"container\" data-settings=\"{&quot;background_background&quot;:&quot;classic&quot;}\">\n\t\t\t\t\t<div class=\"e-con-inner\">\n\t\t\t\t<div class=\"elementor-element elementor-element-d534a29 elementor-position-top elementor-widget elementor-widget-image-box\" data-id=\"d534a29\" data-element_type=\"widget\" data-widget_type=\"image-box.default\">\n\t\t\t\t<div class=\"elementor-widget-container\">\n\t\t\t\t\t<div class=\"elementor-image-box-wrapper\"><figure class=\"elementor-image-box-img\"><img fetchpriority=\"high\" decoding=\"async\" width=\"330\" height=\"420\" src=\"https:\/\/staging.inpacksolution.com.mx\/wp-content\/uploads\/2023\/08\/gallery-img-3.jpg\" class=\"attachment-full size-full wp-image-163\" alt=\"\" srcset=\"https:\/\/staging.inpacksolution.com.mx\/wp-content\/uploads\/2023\/08\/gallery-img-3.jpg 330w, https:\/\/staging.inpacksolution.com.mx\/wp-content\/uploads\/2023\/08\/gallery-img-3-236x300.jpg 236w\" sizes=\"(max-width: 330px) 100vw, 330px\" \/><\/figure><div class=\"elementor-image-box-content\"><h3 class=\"elementor-image-box-title\">KT-201000TM-18<\/h3><p class=\"elementor-image-box-description\">K-TAPE PLAYO MANUAL\nTRANSPARENTE CAL.80 FT.\n1000 18\" (3.17 KG) (457mm X\n305 m)<br> CAJA CON 4 PZS<\/p><\/div><\/div>\t\t\t\t<\/div>\n\t\t\t\t<\/div>\n\t\t\t\t<div class=\"elementor-element elementor-element-d75f13f elementor-position-top elementor-widget elementor-widget-image-box\" data-id=\"d75f13f\" data-element_type=\"widget\" data-widget_type=\"image-box.default\">\n\t\t\t\t<div class=\"elementor-widget-container\">\n\t\t\t\t\t<div class=\"elementor-image-box-wrapper\"><figure class=\"elementor-image-box-img\"><img fetchpriority=\"high\" decoding=\"async\" width=\"330\" height=\"420\" src=\"https:\/\/staging.inpacksolution.com.mx\/wp-content\/uploads\/2023\/08\/gallery-img-3.jpg\" class=\"attachment-full size-full wp-image-163\" alt=\"\" srcset=\"https:\/\/staging.inpacksolution.com.mx\/wp-content\/uploads\/2023\/08\/gallery-img-3.jpg 330w, https:\/\/staging.inpacksolution.com.mx\/wp-content\/uploads\/2023\/08\/gallery-img-3-236x300.jpg 236w\" sizes=\"(max-width: 330px) 100vw, 330px\" \/><\/figure><div class=\"elementor-image-box-content\"><h3 class=\"elementor-image-box-title\">TB201000TM-18<\/h3><p class=\"elementor-image-box-description\">TAPEBEAR PLAYO MANUAL\nTRANSPARENTE CAL. 80 FT. 1000\n18\" (3.17 KG) (457mm X 305 m)<br> CAJA CON 4 PZS<\/p><\/div><\/div>\t\t\t\t<\/div>\n\t\t\t\t<\/div>\n\t\t\t\t<div class=\"elementor-element elementor-element-8efe649 elementor-position-top elementor-widget elementor-widget-image-box\" data-id=\"8efe649\" data-element_type=\"widget\" data-widget_type=\"image-box.default\">\n\t\t\t\t<div class=\"elementor-widget-container\">\n\t\t\t\t\t<div class=\"elementor-image-box-wrapper\"><figure class=\"elementor-image-box-img\"><img fetchpriority=\"high\" decoding=\"async\" width=\"330\" height=\"420\" src=\"https:\/\/staging.inpacksolution.com.mx\/wp-content\/uploads\/2023\/08\/gallery-img-3.jpg\" class=\"attachment-full size-full wp-image-163\" alt=\"\" srcset=\"https:\/\/staging.inpacksolution.com.mx\/wp-content\/uploads\/2023\/08\/gallery-img-3.jpg 330w, https:\/\/staging.inpacksolution.com.mx\/wp-content\/uploads\/2023\/08\/gallery-img-3-236x300.jpg 236w\" sizes=\"(max-width: 330px) 100vw, 330px\" \/><\/figure><div class=\"elementor-image-box-content\"><h3 class=\"elementor-image-box-title\">ADMX-1515001<\/h3><p class=\"elementor-image-box-description\">ADHES PLAYO MANUAL\nTRANSPARENTE CAL. 60 FT.1500\n18\" (3.37 KG) (457mm X 456m)<br> CAJA CON 4 PZS<\/p><\/div><\/div>\t\t\t\t<\/div>\n\t\t\t\t<\/div>\n\t\t\t\t\t<\/div>\n\t\t\t\t<\/div>\n\t\t<div class=\"elementor-element elementor-element-7a7fa96 e-grid e-con-full e-con e-parent\" data-id=\"7a7fa96\" data-element_type=\"container\">\n\t\t\t\t<div class=\"elementor-element elementor-element-007dde3 elementor-position-top elementor-widget elementor-widget-image-box\" data-id=\"007dde3\" data-element_type=\"widget\" data-widget_type=\"image-box.default\">\n\t\t\t\t<div class=\"elementor-widget-container\">\n\t\t\t\t\t<div class=\"elementor-image-box-wrapper\"><figure class=\"elementor-image-box-img\"><img fetchpriority=\"high\" decoding=\"async\" width=\"330\" height=\"420\" src=\"https:\/\/staging.inpacksolution.com.mx\/wp-content\/uploads\/2023\/08\/gallery-img-3.jpg\" class=\"attachment-full size-full wp-image-163\" alt=\"\" srcset=\"https:\/\/staging.inpacksolution.com.mx\/wp-content\/uploads\/2023\/08\/gallery-img-3.jpg 330w, https:\/\/staging.inpacksolution.com.mx\/wp-content\/uploads\/2023\/08\/gallery-img-3-236x300.jpg 236w\" sizes=\"(max-width: 330px) 100vw, 330px\" \/><\/figure><div class=\"elementor-image-box-content\"><h3 class=\"elementor-image-box-title\">KT-151500TM-18<\/h3><p class=\"elementor-image-box-description\">K-TAPE PLAYO MANUAL\nTRANSPARENTE CAL.60 FT.\n1500 18\" (3.48 KG) (457mm X\n457 m) <br> CAJA CON 4 PZS<\/p><\/div><\/div>\t\t\t\t<\/div>\n\t\t\t\t<\/div>\n\t\t\t\t<div class=\"elementor-element elementor-element-7401a42 elementor-position-top elementor-widget elementor-widget-image-box\" data-id=\"7401a42\" data-element_type=\"widget\" data-widget_type=\"image-box.default\">\n\t\t\t\t<div class=\"elementor-widget-container\">\n\t\t\t\t\t<div class=\"elementor-image-box-wrapper\"><figure class=\"elementor-image-box-img\"><img fetchpriority=\"high\" decoding=\"async\" width=\"330\" height=\"420\" src=\"https:\/\/staging.inpacksolution.com.mx\/wp-content\/uploads\/2023\/08\/gallery-img-3.jpg\" class=\"attachment-full size-full wp-image-163\" alt=\"\" srcset=\"https:\/\/staging.inpacksolution.com.mx\/wp-content\/uploads\/2023\/08\/gallery-img-3.jpg 330w, https:\/\/staging.inpacksolution.com.mx\/wp-content\/uploads\/2023\/08\/gallery-img-3-236x300.jpg 236w\" sizes=\"(max-width: 330px) 100vw, 330px\" \/><\/figure><div class=\"elementor-image-box-content\"><h3 class=\"elementor-image-box-title\">ADMX-15500018<\/h3><p class=\"elementor-image-box-description\">ADHES PLAYO MAQUINA TRANSPARENTE CAL.60 FT. 5000 18\" (10.19 KG) (457mm X 1520m) <br>CAJA CON 1 PZA<\/p><\/div><\/div>\t\t\t\t<\/div>\n\t\t\t\t<\/div>\n\t\t\t\t<\/div>\n\t\t<div class=\"elementor-element elementor-element-51991f35 e-flex e-con-boxed e-con e-parent\" data-id=\"51991f35\" data-element_type=\"container\">\n\t\t\t\t\t<div class=\"e-con-inner\">\n\t\t<div class=\"elementor-element elementor-element-fec3109 e-con-full e-flex e-con e-parent\" data-id=\"fec3109\" data-element_type=\"container\">\n\t\t\t\t<div class=\"elementor-element elementor-element-efaada3 elementor-widget elementor-widget-heading\" data-id=\"efaada3\" data-element_type=\"widget\" data-widget_type=\"heading.default\">\n\t\t\t\t<div class=\"elementor-widget-container\">\n\t\t\t\t\t<h2 class=\"elementor-heading-title elementor-size-default\">Conoce m\u00e1s sobre nuestros productos <\/h2>\t\t\t\t<\/div>\n\t\t\t\t<\/div>\n\t\t\t\t<div class=\"elementor-element elementor-element-78f1decb elementor-align-center elementor-widget elementor-widget-button\" data-id=\"78f1decb\" data-element_type=\"widget\" data-widget_type=\"button.default\">\n\t\t\t\t<div class=\"elementor-widget-container\">\n\t\t\t\t\t\t\t\t\t<div class=\"elementor-button-wrapper\">\n\t\t\t\t\t<a class=\"elementor-button elementor-button-link elementor-size-sm\" href=\"https:\/\/staging.inpacksolution.com.mx\/wp-content\/uploads\/2023\/08\/ADHES-60CAL-.pdf\">\n\t\t\t\t\t\t<span class=\"elementor-button-content-wrapper\">\n\t\t\t\t\t\t\t\t\t<span class=\"elementor-button-text\">Ficha t\u00e9cnica <\/span>\n\t\t\t\t\t<\/span>\n\t\t\t\t\t<\/a>\n\t\t\t\t<\/div>\n\t\t\t\t\t\t\t\t<\/div>\n\t\t\t\t<\/div>\n\t\t\t\t<div class=\"elementor-element elementor-element-a5048e7 elementor-widget elementor-widget-image-box\" data-id=\"a5048e7\" data-element_type=\"widget\" data-widget_type=\"image-box.default\">\n\t\t\t\t<div class=\"elementor-widget-container\">\n\t\t\t\t\t<div class=\"elementor-image-box-wrapper\"><div class=\"elementor-image-box-content\"><p class=\"elementor-image-box-description\">ADHES PLAYO MAQUINA TRANSPARENTE CAL.60 FT. 5000 18\" (10.19 KG) (457mm X 1520m) <\/p><\/div><\/div>\t\t\t\t<\/div>\n\t\t\t\t<\/div>\n\t\t\t\t<\/div>\n\t\t<div class=\"elementor-element elementor-element-3afaaa08 e-con-full e-flex e-con e-parent\" data-id=\"3afaaa08\" data-element_type=\"container\">\n\t\t\t\t<div class=\"elementor-element elementor-element-4e58e97f elementor-widget elementor-widget-text-editor\" data-id=\"4e58e97f\" data-element_type=\"widget\" data-widget_type=\"text-editor.default\">\n\t\t\t\t<div class=\"elementor-widget-container\">\n\t\t\t\t\t\t\t\t\t<p>Descubre los detalles de nuestras cintas adhesivas a trav\u00e9s de nuestras fichas t\u00e9cnicas. Encuentra toda la informaci\u00f3n que necesitas sobre resistencia, durabilidad y aplicaciones espec\u00edficas.<\/p>\t\t\t\t\t\t\t\t<\/div>\n\t\t\t\t<\/div>\n\t\t<div class=\"elementor-element elementor-element-194ff7a1 e-con-full e-flex e-con e-parent\" data-id=\"194ff7a1\" data-element_type=\"container\">\n\t\t\t\t<\/div>\n\t\t\t\t<\/div>\n\t\t<div class=\"elementor-element elementor-element-379f3008 e-con-full e-flex e-con e-parent\" data-id=\"379f3008\" data-element_type=\"container\">\n\t\t\t\t<\/div>\n\t\t<div class=\"elementor-element elementor-element-742fc711 e-con-full e-flex e-con e-parent\" data-id=\"742fc711\" data-element_type=\"container\">\n\t\t\t\t<\/div>\n\t\t<div class=\"elementor-element elementor-element-204392ed e-con-full e-flex e-con e-parent\" data-id=\"204392ed\" data-element_type=\"container\">\n\t\t\t\t<\/div>\n\t\t\t\t\t<\/div>\n\t\t\t\t<\/div>\n\t\t<div class=\"elementor-element elementor-element-61ec229a e-con-full e-flex e-con e-parent\" data-id=\"61ec229a\" data-element_type=\"container\" data-settings=\"{&quot;background_background&quot;:&quot;classic&quot;}\">\n\t\t<div class=\"elementor-element elementor-element-7cbde397 e-con-full e-flex e-con e-parent\" data-id=\"7cbde397\" data-element_type=\"container\" data-settings=\"{&quot;background_background&quot;:&quot;classic&quot;}\">\n\t\t\t\t<div class=\"elementor-element elementor-element-7b986c9 elementor-widget elementor-widget-heading\" data-id=\"7b986c9\" data-element_type=\"widget\" data-widget_type=\"heading.default\">\n\t\t\t\t<div class=\"elementor-widget-container\">\n\t\t\t\t\t<h4 class=\"elementor-heading-title elementor-size-default\">\u00a1Descubre c\u00f3mo nuestras soluciones pueden llevar tu negocio al siguiente nivel!<\/h4>\t\t\t\t<\/div>\n\t\t\t\t<\/div>\n\t\t\t\t<div class=\"elementor-element elementor-element-33d2b708 elementor-widget elementor-widget-text-editor\" data-id=\"33d2b708\" data-element_type=\"widget\" data-widget_type=\"text-editor.default\">\n\t\t\t\t<div class=\"elementor-widget-container\">\n\t\t\t\t\t\t\t\t\t<p>Esperamos poder ser tu socio confiable en soluciones de empaque.<\/p><p>\u00a1Explora nuestra p\u00e1gina y descubre c\u00f3mo podemos ayudarte a mejorar la protecci\u00f3n y presentaci\u00f3n de tus productos!<\/p>\t\t\t\t\t\t\t\t<\/div>\n\t\t\t\t<\/div>\n\t\t\t\t<div class=\"elementor-element elementor-element-4897daa1 elementor-widget elementor-widget-button\" data-id=\"4897daa1\" data-element_type=\"widget\" data-widget_type=\"button.default\">\n\t\t\t\t<div class=\"elementor-widget-container\">\n\t\t\t\t\t\t\t\t\t<div class=\"elementor-button-wrapper\">\n\t\t\t\t\t<a class=\"elementor-button elementor-button-link elementor-size-lg\" href=\"#\">\n\t\t\t\t\t\t<span class=\"elementor-button-content-wrapper\">\n\t\t\t\t\t\t\t\t\t<span class=\"elementor-button-text\">\u00a1Contactanos ahora!<\/span>\n\t\t\t\t\t<\/span>\n\t\t\t\t\t<\/a>\n\t\t\t\t<\/div>\n\t\t\t\t\t\t\t\t<\/div>\n\t\t\t\t<\/div>\n\t\t\t\t<\/div>\n\t\t<div class=\"elementor-element elementor-element-5ebdcadf e-con-full e-flex e-con e-parent\" data-id=\"5ebdcadf\" data-element_type=\"container\" data-settings=\"{&quot;background_background&quot;:&quot;classic&quot;}\">\n\t\t\t\t<\/div>\n\t\t\t\t<\/div>\n\t\t<div class=\"elementor-element elementor-element-1e6af58d e-flex e-con-boxed e-con e-parent\" data-id=\"1e6af58d\" data-element_type=\"container\">\n\t\t\t\t\t<div class=\"e-con-inner\">\n\t\t\t\t\t<\/div>\n\t\t\t\t<\/div>\n\t\t\t\t<\/div>\n\t\t","protected":false},"excerpt":{"rendered":"<p>Pel\u00edcula el\u00e1stica \u00a1Descubre nuestra amplia gama de productos de empaque dise\u00f1ados para satisfacer todas tus necesidades! Un film envolvente de polietileno fundido en cuatro ejes y una tecnolog\u00eda de coextrusi\u00f3n multicapa. Confiable y vers\u00e1til. Ideal para embalar, sellar y unir paquetes. KT-201000TM-18 K-TAPE PLAYO MANUAL TRANSPARENTE CAL.80 FT. 1000 18&#8243; (3.17 KG) (457mm X 305 [&hellip;]<\/p>\n","protected":false},"author":1,"featured_media":0,"parent":0,"menu_order":0,"comment_status":"closed","ping_status":"closed","template":"","meta":{"site-sidebar-layout":"no-sidebar","site-content-layout":"page-builder","ast-site-content-layout":"","site-content-style":"default","site-sidebar-style":"default","ast-global-header-display":"","ast-banner-title-visibility":"","ast-main-header-display":"","ast-hfb-above-header-display":"","ast-hfb-below-header-display":"","ast-hfb-mobile-header-display":"","site-post-title":"disabled","ast-breadcrumbs-content":"","ast-featured-img":"disabled","footer-sml-layout":"","theme-transparent-header-meta":"","adv-header-id-meta":"","stick-header-meta":"","header-above-stick-meta":"","header-main-stick-meta":"","header-below-stick-meta":"","astra-migrate-meta-layouts":"default","ast-page-background-enabled":"default","ast-page-background-meta":{"desktop":{"background-color":"var(--ast-global-color-4)","background-image":"","background-repeat":"repeat","background-position":"center center","background-size":"auto","background-attachment":"scroll","background-type":"","background-media":"","overlay-type":"","overlay-color":"","overlay-opacity":"","overlay-gradient":""},"tablet":{"background-color":"","background-image":"","background-repeat":"repeat","background-position":"center center","background-size":"auto","background-attachment":"scroll","background-type":"","background-media":"","overlay-type":"","overlay-color":"","overlay-opacity":"","overlay-gradient":""},"mobile":{"background-color":"","background-image":"","background-repeat":"repeat","background-position":"center center","background-size":"auto","background-attachment":"scroll","background-type":"","background-media":"","overlay-type":"","overlay-color":"","overlay-opacity":"","overlay-gradient":""}},"ast-content-background-meta":{"desktop":{"background-color":"var(--ast-global-color-5)","background-image":"","background-repeat":"repeat","background-position":"center center","background-size":"auto","background-attachment":"scroll","background-type":"","background-media":"","overlay-type":"","overlay-color":"","overlay-opacity":"","overlay-gradient":""},"tablet":{"background-color":"var(--ast-global-color-5)","background-image":"","background-repeat":"repeat","background-position":"center center","background-size":"auto","background-attachment":"scroll","background-type":"","background-media":"","overlay-type":"","overlay-color":"","overlay-opacity":"","overlay-gradient":""},"mobile":{"background-color":"var(--ast-global-color-5)","background-image":"","background-repeat":"repeat","background-position":"center center","background-size":"auto","background-attachment":"scroll","background-type":"","background-media":"","overlay-type":"","overlay-color":"","overlay-opacity":"","overlay-gradient":""}},"footnotes":""},"class_list":["post-253","page","type-page","status-publish","hentry"],"_links":{"self":[{"href":"https:\/\/staging.inpacksolution.com.mx\/index.php\/wp-json\/wp\/v2\/pages\/253","targetHints":{"allow":["GET"]}}],"collection":[{"href":"https:\/\/staging.inpacksolution.com.mx\/index.php\/wp-json\/wp\/v2\/pages"}],"about":[{"href":"https:\/\/staging.inpacksolution.com.mx\/index.php\/wp-json\/wp\/v2\/types\/page"}],"author":[{"embeddable":true,"href":"https:\/\/staging.inpacksolution.com.mx\/index.php\/wp-json\/wp\/v2\/users\/1"}],"replies":[{"embeddable":true,"href":"https:\/\/staging.inpacksolution.com.mx\/index.php\/wp-json\/wp\/v2\/comments?post=253"}],"version-history":[{"count":22,"href":"https:\/\/staging.inpacksolution.com.mx\/index.php\/wp-json\/wp\/v2\/pages\/253\/revisions"}],"predecessor-version":[{"id":410,"href":"https:\/\/staging.inpacksolution.com.mx\/index.php\/wp-json\/wp\/v2\/pages\/253\/revisions\/410"}],"wp:attachment":[{"href":"https:\/\/staging.inpacksolution.com.mx\/index.php\/wp-json\/wp\/v2\/media?parent=253"}],"curies":[{"name":"wp","href":"https:\/\/api.w.org\/{rel}","templated":true}]}}