{"id":56,"date":"2023-08-11T22:29:34","date_gmt":"2023-08-11T22:29:34","guid":{"rendered":"https:\/\/inpacksolution.com.mx\/index\/?page_id=56"},"modified":"2023-08-16T19:19:04","modified_gmt":"2023-08-16T19:19:04","slug":"productos","status":"publish","type":"page","link":"https:\/\/staging.inpacksolution.com.mx\/index.php\/productos\/","title":{"rendered":"Productos"},"content":{"rendered":"\t\t<div data-elementor-type=\"wp-page\" data-elementor-id=\"56\" class=\"elementor elementor-56\">\n\t\t\t\t<div class=\"elementor-element elementor-element-0bc0129 e-flex e-con-boxed e-con e-parent\" data-id=\"0bc0129\" data-element_type=\"container\" data-settings=\"{&quot;background_background&quot;:&quot;classic&quot;}\">\n\t\t\t\t\t<div class=\"e-con-inner\">\n\t\t\t\t<div class=\"elementor-element elementor-element-4449d8e4 animated-slow elementor-invisible elementor-widget elementor-widget-heading\" data-id=\"4449d8e4\" data-element_type=\"widget\" data-settings=\"{&quot;_animation&quot;:&quot;slideInUp&quot;}\" data-widget_type=\"heading.default\">\n\t\t\t\t<div class=\"elementor-widget-container\">\n\t\t\t\t\t<h2 class=\"elementor-heading-title elementor-size-default\">Nuestros productos<\/h2>\t\t\t\t<\/div>\n\t\t\t\t<\/div>\n\t\t\t\t<div class=\"elementor-element elementor-element-37c8f541 animated-slow elementor-invisible elementor-widget elementor-widget-heading\" data-id=\"37c8f541\" data-element_type=\"widget\" data-settings=\"{&quot;_animation&quot;:&quot;slideInUp&quot;}\" data-widget_type=\"heading.default\">\n\t\t\t\t<div class=\"elementor-widget-container\">\n\t\t\t\t\t<h1 class=\"elementor-heading-title elementor-size-small\">\u00a1Descubre nuestra amplia gama de productos de empaque dise\u00f1ados para satisfacer todas tus necesidades! <\/h1>\t\t\t\t<\/div>\n\t\t\t\t<\/div>\n\t\t\t\t\t<\/div>\n\t\t\t\t<\/div>\n\t\t<div class=\"elementor-element elementor-element-201a8c8 e-flex e-con-boxed e-con e-parent\" data-id=\"201a8c8\" data-element_type=\"container\" data-settings=\"{&quot;background_background&quot;:&quot;classic&quot;}\">\n\t\t\t\t\t<div class=\"e-con-inner\">\n\t\t<div class=\"elementor-element elementor-element-64d7b5b3 e-flex e-con-boxed e-con e-parent\" data-id=\"64d7b5b3\" data-element_type=\"container\">\n\t\t\t\t\t<div class=\"e-con-inner\">\n\t\t\t\t<div class=\"elementor-element elementor-element-167fe68 elementor-widget elementor-widget-text-editor\" data-id=\"167fe68\" data-element_type=\"widget\" data-widget_type=\"text-editor.default\">\n\t\t\t\t<div class=\"elementor-widget-container\">\n\t\t\t\t\t\t\t\t\t<p>En nuestra empresa, nos enorgullecemos de ofrecer soluciones de empaque de alta calidad que proteger\u00e1n y realzar\u00e1n la presentaci\u00f3n de tus productos.\u00a0<br \/><span style=\"font-style: inherit; font-weight: inherit; color: var( --e-global-color-text ); font-family: var( --e-global-typography-text-font-family ), Sans-serif; text-align: var(--text-align);\">Explora nuestra selecci\u00f3n y encuentra la opci\u00f3n perfecta para tu negocio.<\/span><\/p><p>Nuestra oferta de productos incluye:<\/p>\t\t\t\t\t\t\t\t<\/div>\n\t\t\t\t<\/div>\n\t\t\t\t\t<\/div>\n\t\t\t\t<\/div>\n\t\t<div class=\"elementor-element elementor-element-144dddb9 e-con-full e-flex e-con e-parent\" data-id=\"144dddb9\" data-element_type=\"container\">\n\t\t<div class=\"elementor-element elementor-element-6a50a139 e-con-full e-flex e-con e-parent\" data-id=\"6a50a139\" data-element_type=\"container\">\n\t\t\t\t<div class=\"elementor-element elementor-element-7a76f13a elementor-widget elementor-widget-heading\" data-id=\"7a76f13a\" data-element_type=\"widget\" data-widget_type=\"heading.default\">\n\t\t\t\t<div class=\"elementor-widget-container\">\n\t\t\t\t\t<h3 class=\"elementor-heading-title elementor-size-default\">Cajas de cart\u00f3n corrugado<\/h3>\t\t\t\t<\/div>\n\t\t\t\t<\/div>\n\t\t\t\t<div class=\"elementor-element elementor-element-774d1585 elementor-position-top elementor-widget elementor-widget-image-box\" data-id=\"774d1585\" data-element_type=\"widget\" data-widget_type=\"image-box.default\">\n\t\t\t\t<div class=\"elementor-widget-container\">\n\t\t\t\t\t<div class=\"elementor-image-box-wrapper\"><figure class=\"elementor-image-box-img\"><img fetchpriority=\"high\" decoding=\"async\" width=\"1920\" height=\"998\" src=\"https:\/\/staging.inpacksolution.com.mx\/wp-content\/uploads\/2023\/08\/slider-3.png\" class=\"attachment-full size-full wp-image-68\" alt=\"\" srcset=\"https:\/\/staging.inpacksolution.com.mx\/wp-content\/uploads\/2023\/08\/slider-3.png 1920w, https:\/\/staging.inpacksolution.com.mx\/wp-content\/uploads\/2023\/08\/slider-3-300x156.png 300w, https:\/\/staging.inpacksolution.com.mx\/wp-content\/uploads\/2023\/08\/slider-3-1024x532.png 1024w, https:\/\/staging.inpacksolution.com.mx\/wp-content\/uploads\/2023\/08\/slider-3-768x399.png 768w, https:\/\/staging.inpacksolution.com.mx\/wp-content\/uploads\/2023\/08\/slider-3-1536x798.png 1536w\" sizes=\"(max-width: 1920px) 100vw, 1920px\" \/><\/figure><div class=\"elementor-image-box-content\"><p class=\"elementor-image-box-description\">Disponemos de cajas de cart\u00f3n en diferentes tama\u00f1os y tipos, adecuadas para empaques de cualquier tipo de producto. Desde cajas est\u00e1ndar hasta medidas especiales, tenemos la soluci\u00f3n perfecta para ti.<\/p><\/div><\/div>\t\t\t\t<\/div>\n\t\t\t\t<\/div>\n\t\t\t\t<div class=\"elementor-element elementor-element-ecbcf12 elementor-align-center elementor-widget elementor-widget-button\" data-id=\"ecbcf12\" data-element_type=\"widget\" data-widget_type=\"button.default\">\n\t\t\t\t<div class=\"elementor-widget-container\">\n\t\t\t\t\t\t\t\t\t<div class=\"elementor-button-wrapper\">\n\t\t\t\t\t<a class=\"elementor-button elementor-button-link elementor-size-md\" href=\"https:\/\/staging.inpacksolution.com.mx\/index.php\/cajas\/\">\n\t\t\t\t\t\t<span class=\"elementor-button-content-wrapper\">\n\t\t\t\t\t\t\t\t\t<span class=\"elementor-button-text\">Conoce m\u00e1s<\/span>\n\t\t\t\t\t<\/span>\n\t\t\t\t\t<\/a>\n\t\t\t\t<\/div>\n\t\t\t\t\t\t\t\t<\/div>\n\t\t\t\t<\/div>\n\t\t\t\t<\/div>\n\t\t<div class=\"elementor-element elementor-element-43a0b171 e-con-full e-flex e-con e-parent\" data-id=\"43a0b171\" data-element_type=\"container\">\n\t\t\t\t<div class=\"elementor-element elementor-element-1cc8d50f elementor-widget elementor-widget-heading\" data-id=\"1cc8d50f\" data-element_type=\"widget\" data-widget_type=\"heading.default\">\n\t\t\t\t<div class=\"elementor-widget-container\">\n\t\t\t\t\t<h3 class=\"elementor-heading-title elementor-size-default\">Cintas adhesivas de polipropileno<\/h3>\t\t\t\t<\/div>\n\t\t\t\t<\/div>\n\t\t\t\t<div class=\"elementor-element elementor-element-f58518e elementor-position-top elementor-widget elementor-widget-image-box\" data-id=\"f58518e\" data-element_type=\"widget\" data-widget_type=\"image-box.default\">\n\t\t\t\t<div class=\"elementor-widget-container\">\n\t\t\t\t\t<div class=\"elementor-image-box-wrapper\"><figure class=\"elementor-image-box-img\"><img decoding=\"async\" width=\"1920\" height=\"998\" src=\"https:\/\/staging.inpacksolution.com.mx\/wp-content\/uploads\/2023\/08\/slider-1.png\" class=\"attachment-full size-full wp-image-64\" alt=\"\" srcset=\"https:\/\/staging.inpacksolution.com.mx\/wp-content\/uploads\/2023\/08\/slider-1.png 1920w, https:\/\/staging.inpacksolution.com.mx\/wp-content\/uploads\/2023\/08\/slider-1-300x156.png 300w, https:\/\/staging.inpacksolution.com.mx\/wp-content\/uploads\/2023\/08\/slider-1-1024x532.png 1024w, https:\/\/staging.inpacksolution.com.mx\/wp-content\/uploads\/2023\/08\/slider-1-768x399.png 768w, https:\/\/staging.inpacksolution.com.mx\/wp-content\/uploads\/2023\/08\/slider-1-1536x798.png 1536w\" sizes=\"(max-width: 1920px) 100vw, 1920px\" \/><\/figure><div class=\"elementor-image-box-content\"><p class=\"elementor-image-box-description\">Nuestras cintas adhesivas son ideales para sellar cajas de cart\u00f3n de forma segura y resistente. Garantizan una sujeci\u00f3n \u00f3ptima y protecci\u00f3n adicional en el transporte. Tenemos cintas de empaque, biodegradable y de marcaje.<\/p><\/div><\/div>\t\t\t\t<\/div>\n\t\t\t\t<\/div>\n\t\t\t\t<div class=\"elementor-element elementor-element-1062b5e elementor-align-center elementor-widget elementor-widget-button\" data-id=\"1062b5e\" data-element_type=\"widget\" data-widget_type=\"button.default\">\n\t\t\t\t<div class=\"elementor-widget-container\">\n\t\t\t\t\t\t\t\t\t<div class=\"elementor-button-wrapper\">\n\t\t\t\t\t<a class=\"elementor-button elementor-button-link elementor-size-md\" href=\"https:\/\/staging.inpacksolution.com.mx\/index.php\/cinta-adhesiva\/\">\n\t\t\t\t\t\t<span class=\"elementor-button-content-wrapper\">\n\t\t\t\t\t\t\t\t\t<span class=\"elementor-button-text\">Conoce m\u00e1s<\/span>\n\t\t\t\t\t<\/span>\n\t\t\t\t\t<\/a>\n\t\t\t\t<\/div>\n\t\t\t\t\t\t\t\t<\/div>\n\t\t\t\t<\/div>\n\t\t\t\t<\/div>\n\t\t<div class=\"elementor-element elementor-element-42efe898 e-con-full e-flex e-con e-parent\" data-id=\"42efe898\" data-element_type=\"container\">\n\t\t\t\t<div class=\"elementor-element elementor-element-28449a2 elementor-widget elementor-widget-heading\" data-id=\"28449a2\" data-element_type=\"widget\" data-widget_type=\"heading.default\">\n\t\t\t\t<div class=\"elementor-widget-container\">\n\t\t\t\t\t<h3 class=\"elementor-heading-title elementor-size-default\">Pel\u00edcula pl\u00e1stica (playo)<\/h3>\t\t\t\t<\/div>\n\t\t\t\t<\/div>\n\t\t\t\t<div class=\"elementor-element elementor-element-543de2bd elementor-position-top elementor-widget elementor-widget-image-box\" data-id=\"543de2bd\" data-element_type=\"widget\" data-widget_type=\"image-box.default\">\n\t\t\t\t<div class=\"elementor-widget-container\">\n\t\t\t\t\t<div class=\"elementor-image-box-wrapper\"><figure class=\"elementor-image-box-img\"><img decoding=\"async\" width=\"1920\" height=\"998\" src=\"https:\/\/staging.inpacksolution.com.mx\/wp-content\/uploads\/2023\/08\/slider-2.png\" class=\"attachment-full size-full wp-image-66\" alt=\"\" srcset=\"https:\/\/staging.inpacksolution.com.mx\/wp-content\/uploads\/2023\/08\/slider-2.png 1920w, https:\/\/staging.inpacksolution.com.mx\/wp-content\/uploads\/2023\/08\/slider-2-300x156.png 300w, https:\/\/staging.inpacksolution.com.mx\/wp-content\/uploads\/2023\/08\/slider-2-1024x532.png 1024w, https:\/\/staging.inpacksolution.com.mx\/wp-content\/uploads\/2023\/08\/slider-2-768x399.png 768w, https:\/\/staging.inpacksolution.com.mx\/wp-content\/uploads\/2023\/08\/slider-2-1536x798.png 1536w\" sizes=\"(max-width: 1920px) 100vw, 1920px\" \/><\/figure><div class=\"elementor-image-box-content\"><p class=\"elementor-image-box-description\">Nuestra pel\u00edcula pl\u00e1stica ofrece una envoltura confiable para paletizar y asegurar tus productos durante el transporte y almacenamiento. Film envolvente de polietileno con tecnolog\u00eda de coextrusi\u00f3n.<\/p><\/div><\/div>\t\t\t\t<\/div>\n\t\t\t\t<\/div>\n\t\t\t\t<div class=\"elementor-element elementor-element-f6fe221 elementor-align-center elementor-widget elementor-widget-button\" data-id=\"f6fe221\" data-element_type=\"widget\" data-widget_type=\"button.default\">\n\t\t\t\t<div class=\"elementor-widget-container\">\n\t\t\t\t\t\t\t\t\t<div class=\"elementor-button-wrapper\">\n\t\t\t\t\t<a class=\"elementor-button elementor-button-link elementor-size-md\" href=\"https:\/\/staging.inpacksolution.com.mx\/index.php\/pelicula-elastica\/\">\n\t\t\t\t\t\t<span class=\"elementor-button-content-wrapper\">\n\t\t\t\t\t\t\t\t\t<span class=\"elementor-button-text\">Conoce m\u00e1s<\/span>\n\t\t\t\t\t<\/span>\n\t\t\t\t\t<\/a>\n\t\t\t\t<\/div>\n\t\t\t\t\t\t\t\t<\/div>\n\t\t\t\t<\/div>\n\t\t\t\t<\/div>\n\t\t\t\t<\/div>\n\t\t\t\t\t<\/div>\n\t\t\t\t<\/div>\n\t\t<div class=\"elementor-element elementor-element-5d00e25 e-con-full e-flex e-con e-parent\" data-id=\"5d00e25\" data-element_type=\"container\">\n\t\t\t\t<div class=\"elementor-element elementor-element-6603668 elementor-widget elementor-widget-text-editor\" data-id=\"6603668\" data-element_type=\"widget\" data-widget_type=\"text-editor.default\">\n\t\t\t\t<div class=\"elementor-widget-container\">\n\t\t\t\t\t\t\t\t\t<p>Nuestros productos son fabricados con materiales de primera calidad para garantizar su resistencia y durabilidad, brindando una protecci\u00f3n efectiva para tus productos.<\/p><p>\u00a1No esperes m\u00e1s para mejorar el empaque de tus productos! Cont\u00e1ctanos ahora mismo y nuestro equipo experto te asesorar\u00e1 para encontrar la mejor soluci\u00f3n de empaque que se adapte a tus necesidades. Estamos listos para brindarte una atenci\u00f3n personalizada y ayudarte a llevar tu negocio al siguiente nivel. \u00a1Aprovecha nuestras soluciones de empaque y destaca en el mercado!<\/p>\t\t\t\t\t\t\t\t<\/div>\n\t\t\t\t<\/div>\n\t\t\t\t<\/div>\n\t\t<div class=\"elementor-element elementor-element-45d1982 e-con-full e-flex e-con e-parent\" data-id=\"45d1982\" data-element_type=\"container\" data-settings=\"{&quot;background_background&quot;:&quot;classic&quot;}\">\n\t\t<div class=\"elementor-element elementor-element-2e54501 e-con-full e-flex e-con e-parent\" data-id=\"2e54501\" data-element_type=\"container\" data-settings=\"{&quot;background_background&quot;:&quot;classic&quot;}\">\n\t\t\t\t<div class=\"elementor-element elementor-element-a597895 elementor-widget elementor-widget-heading\" data-id=\"a597895\" data-element_type=\"widget\" data-widget_type=\"heading.default\">\n\t\t\t\t<div class=\"elementor-widget-container\">\n\t\t\t\t\t<h4 class=\"elementor-heading-title elementor-size-default\">\u00a1Descubre c\u00f3mo nuestras soluciones pueden llevar tu negocio al siguiente nivel!<\/h4>\t\t\t\t<\/div>\n\t\t\t\t<\/div>\n\t\t\t\t<div class=\"elementor-element elementor-element-5d0b888 elementor-widget elementor-widget-text-editor\" data-id=\"5d0b888\" data-element_type=\"widget\" data-widget_type=\"text-editor.default\">\n\t\t\t\t<div class=\"elementor-widget-container\">\n\t\t\t\t\t\t\t\t\t<p>Esperamos poder ser tu socio confiable en soluciones de empaque.<\/p><p>\u00a1Explora nuestra p\u00e1gina y descubre c\u00f3mo podemos ayudarte a mejorar la protecci\u00f3n y presentaci\u00f3n de tus productos!<\/p>\t\t\t\t\t\t\t\t<\/div>\n\t\t\t\t<\/div>\n\t\t\t\t<div class=\"elementor-element elementor-element-1c0abed elementor-widget elementor-widget-button\" data-id=\"1c0abed\" data-element_type=\"widget\" data-widget_type=\"button.default\">\n\t\t\t\t<div class=\"elementor-widget-container\">\n\t\t\t\t\t\t\t\t\t<div class=\"elementor-button-wrapper\">\n\t\t\t\t\t<a class=\"elementor-button elementor-button-link elementor-size-lg\" href=\"https:\/\/staging.inpacksolution.com.mx\/index.php\/contacto\/\">\n\t\t\t\t\t\t<span class=\"elementor-button-content-wrapper\">\n\t\t\t\t\t\t\t\t\t<span class=\"elementor-button-text\">\u00a1Contactanos ahora!<\/span>\n\t\t\t\t\t<\/span>\n\t\t\t\t\t<\/a>\n\t\t\t\t<\/div>\n\t\t\t\t\t\t\t\t<\/div>\n\t\t\t\t<\/div>\n\t\t\t\t<\/div>\n\t\t<div class=\"elementor-element elementor-element-f7bfd93 e-con-full e-flex e-con e-parent\" data-id=\"f7bfd93\" data-element_type=\"container\" data-settings=\"{&quot;background_background&quot;:&quot;classic&quot;}\">\n\t\t\t\t<\/div>\n\t\t\t\t<\/div>\n\t\t<div class=\"elementor-element elementor-element-45909c2 e-flex e-con-boxed e-con e-parent\" data-id=\"45909c2\" data-element_type=\"container\">\n\t\t\t\t\t<div class=\"e-con-inner\">\n\t\t\t\t\t<\/div>\n\t\t\t\t<\/div>\n\t\t\t\t<\/div>\n\t\t","protected":false},"excerpt":{"rendered":"<p>Nuestros productos \u00a1Descubre nuestra amplia gama de productos de empaque dise\u00f1ados para satisfacer todas tus necesidades! En nuestra empresa, nos enorgullecemos de ofrecer soluciones de empaque de alta calidad que proteger\u00e1n y realzar\u00e1n la presentaci\u00f3n de tus productos.\u00a0Explora nuestra selecci\u00f3n y encuentra la opci\u00f3n perfecta para tu negocio. Nuestra oferta de productos incluye: Cajas de [&hellip;]<\/p>\n","protected":false},"author":1,"featured_media":0,"parent":0,"menu_order":0,"comment_status":"closed","ping_status":"closed","template":"","meta":{"site-sidebar-layout":"no-sidebar","site-content-layout":"page-builder","ast-site-content-layout":"","site-content-style":"default","site-sidebar-style":"default","ast-global-header-display":"","ast-banner-title-visibility":"","ast-main-header-display":"","ast-hfb-above-header-display":"","ast-hfb-below-header-display":"","ast-hfb-mobile-header-display":"","site-post-title":"disabled","ast-breadcrumbs-content":"","ast-featured-img":"disabled","footer-sml-layout":"","theme-transparent-header-meta":"","adv-header-id-meta":"","stick-header-meta":"","header-above-stick-meta":"","header-main-stick-meta":"","header-below-stick-meta":"","astra-migrate-meta-layouts":"default","ast-page-background-enabled":"default","ast-page-background-meta":{"desktop":{"background-color":"var(--ast-global-color-4)","background-image":"","background-repeat":"repeat","background-position":"center center","background-size":"auto","background-attachment":"scroll","background-type":"","background-media":"","overlay-type":"","overlay-color":"","overlay-opacity":"","overlay-gradient":""},"tablet":{"background-color":"","background-image":"","background-repeat":"repeat","background-position":"center center","background-size":"auto","background-attachment":"scroll","background-type":"","background-media":"","overlay-type":"","overlay-color":"","overlay-opacity":"","overlay-gradient":""},"mobile":{"background-color":"","background-image":"","background-repeat":"repeat","background-position":"center center","background-size":"auto","background-attachment":"scroll","background-type":"","background-media":"","overlay-type":"","overlay-color":"","overlay-opacity":"","overlay-gradient":""}},"ast-content-background-meta":{"desktop":{"background-color":"var(--ast-global-color-5)","background-image":"","background-repeat":"repeat","background-position":"center center","background-size":"auto","background-attachment":"scroll","background-type":"","background-media":"","overlay-type":"","overlay-color":"","overlay-opacity":"","overlay-gradient":""},"tablet":{"background-color":"var(--ast-global-color-5)","background-image":"","background-repeat":"repeat","background-position":"center center","background-size":"auto","background-attachment":"scroll","background-type":"","background-media":"","overlay-type":"","overlay-color":"","overlay-opacity":"","overlay-gradient":""},"mobile":{"background-color":"var(--ast-global-color-5)","background-image":"","background-repeat":"repeat","background-position":"center center","background-size":"auto","background-attachment":"scroll","background-type":"","background-media":"","overlay-type":"","overlay-color":"","overlay-opacity":"","overlay-gradient":""}},"footnotes":""},"class_list":["post-56","page","type-page","status-publish","hentry"],"_links":{"self":[{"href":"https:\/\/staging.inpacksolution.com.mx\/index.php\/wp-json\/wp\/v2\/pages\/56","targetHints":{"allow":["GET"]}}],"collection":[{"href":"https:\/\/staging.inpacksolution.com.mx\/index.php\/wp-json\/wp\/v2\/pages"}],"about":[{"href":"https:\/\/staging.inpacksolution.com.mx\/index.php\/wp-json\/wp\/v2\/types\/page"}],"author":[{"embeddable":true,"href":"https:\/\/staging.inpacksolution.com.mx\/index.php\/wp-json\/wp\/v2\/users\/1"}],"replies":[{"embeddable":true,"href":"https:\/\/staging.inpacksolution.com.mx\/index.php\/wp-json\/wp\/v2\/comments?post=56"}],"version-history":[{"count":37,"href":"https:\/\/staging.inpacksolution.com.mx\/index.php\/wp-json\/wp\/v2\/pages\/56\/revisions"}],"predecessor-version":[{"id":354,"href":"https:\/\/staging.inpacksolution.com.mx\/index.php\/wp-json\/wp\/v2\/pages\/56\/revisions\/354"}],"wp:attachment":[{"href":"https:\/\/staging.inpacksolution.com.mx\/index.php\/wp-json\/wp\/v2\/media?parent=56"}],"curies":[{"name":"wp","href":"https:\/\/api.w.org\/{rel}","templated":true}]}}