{"id":98,"date":"2023-08-14T02:46:06","date_gmt":"2023-08-14T02:46:06","guid":{"rendered":"https:\/\/inpacksolution.com.mx\/index\/?page_id=98"},"modified":"2023-08-16T20:06:29","modified_gmt":"2023-08-16T20:06:29","slug":"nosotros","status":"publish","type":"page","link":"https:\/\/staging.inpacksolution.com.mx\/index.php\/nosotros\/","title":{"rendered":"Nosotros"},"content":{"rendered":"\t\t<div data-elementor-type=\"wp-page\" data-elementor-id=\"98\" class=\"elementor elementor-98\">\n\t\t\t\t<div class=\"elementor-element elementor-element-379c2e53 e-flex e-con-boxed e-con e-parent\" data-id=\"379c2e53\" data-element_type=\"container\" data-settings=\"{&quot;background_background&quot;:&quot;classic&quot;}\">\n\t\t\t\t\t<div class=\"e-con-inner\">\n\t\t\t\t<div class=\"elementor-element elementor-element-13907e04 animated-slow elementor-invisible elementor-widget elementor-widget-heading\" data-id=\"13907e04\" data-element_type=\"widget\" data-settings=\"{&quot;_animation&quot;:&quot;slideInUp&quot;}\" data-widget_type=\"heading.default\">\n\t\t\t\t<div class=\"elementor-widget-container\">\n\t\t\t\t\t<h2 class=\"elementor-heading-title elementor-size-default\">Conocenos<\/h2>\t\t\t\t<\/div>\n\t\t\t\t<\/div>\n\t\t\t\t<div class=\"elementor-element elementor-element-d4c231 animated-slow elementor-invisible elementor-widget elementor-widget-heading\" data-id=\"d4c231\" data-element_type=\"widget\" data-settings=\"{&quot;_animation&quot;:&quot;slideInUp&quot;}\" data-widget_type=\"heading.default\">\n\t\t\t\t<div class=\"elementor-widget-container\">\n\t\t\t\t\t<h1 class=\"elementor-heading-title elementor-size-small\">Innovando el mundo del empaque desde el 2010. <br>\nCalidad y compromiso en cada detalle de nuestros productos\n<\/h1>\t\t\t\t<\/div>\n\t\t\t\t<\/div>\n\t\t\t\t\t<\/div>\n\t\t\t\t<\/div>\n\t\t<div class=\"elementor-element elementor-element-69d679a4 e-flex e-con-boxed e-con e-parent\" data-id=\"69d679a4\" data-element_type=\"container\" data-settings=\"{&quot;background_background&quot;:&quot;classic&quot;}\">\n\t\t\t\t\t<div class=\"e-con-inner\">\n\t\t<div class=\"elementor-element elementor-element-690a41da e-flex e-con-boxed e-con e-parent\" data-id=\"690a41da\" data-element_type=\"container\">\n\t\t\t\t\t<div class=\"e-con-inner\">\n\t\t\t\t<div class=\"elementor-element elementor-element-752c87db elementor-widget elementor-widget-text-editor\" data-id=\"752c87db\" data-element_type=\"widget\" data-widget_type=\"text-editor.default\">\n\t\t\t\t<div class=\"elementor-widget-container\">\n\t\t\t\t\t\t\t\t\t<p>En nuestra empresa, nos enorgullece ser l\u00edderes en la fabricaci\u00f3n y venta de cajas de cart\u00f3n, emplayes y cinta adhesiva. Desde 2010, hemos brindado soluciones de empaque de alta calidad a diversas industrias en M\u00e9xico. Nuestro compromiso con la excelencia, el servicio personalizado y la innovaci\u00f3n nos ha posicionado como el proveedor preferido en el mercado.<\/p>\t\t\t\t\t\t\t\t<\/div>\n\t\t\t\t<\/div>\n\t\t\t\t\t<\/div>\n\t\t\t\t<\/div>\n\t\t\t\t\t<\/div>\n\t\t\t\t<\/div>\n\t\t<div class=\"elementor-element elementor-element-ecaf4b0 e-flex e-con-boxed e-con e-parent\" data-id=\"ecaf4b0\" data-element_type=\"container\" data-settings=\"{&quot;background_background&quot;:&quot;classic&quot;}\">\n\t\t\t\t\t<div class=\"e-con-inner\">\n\t\t<div class=\"elementor-element elementor-element-e68e767 e-con-full e-flex e-con e-parent\" data-id=\"e68e767\" data-element_type=\"container\">\n\t\t\t\t<div class=\"elementor-element elementor-element-8173dca elementor-widget elementor-widget-image\" data-id=\"8173dca\" data-element_type=\"widget\" data-widget_type=\"image.default\">\n\t\t\t\t<div class=\"elementor-widget-container\">\n\t\t\t\t\t\t\t\t\t\t\t\t\t\t\t<img fetchpriority=\"high\" decoding=\"async\" width=\"251\" height=\"444\" src=\"https:\/\/staging.inpacksolution.com.mx\/wp-content\/uploads\/2023\/08\/about-img-1.png\" class=\"attachment-full size-full wp-image-215\" alt=\"\" srcset=\"https:\/\/staging.inpacksolution.com.mx\/wp-content\/uploads\/2023\/08\/about-img-1.png 251w, https:\/\/staging.inpacksolution.com.mx\/wp-content\/uploads\/2023\/08\/about-img-1-170x300.png 170w\" sizes=\"(max-width: 251px) 100vw, 251px\" \/>\t\t\t\t\t\t\t\t\t\t\t\t\t\t\t<\/div>\n\t\t\t\t<\/div>\n\t\t\t\t<\/div>\n\t\t<div class=\"elementor-element elementor-element-f400abf e-con-full e-flex e-con e-parent\" data-id=\"f400abf\" data-element_type=\"container\">\n\t\t\t\t<div class=\"elementor-element elementor-element-259f811 elementor-widget elementor-widget-text-editor\" data-id=\"259f811\" data-element_type=\"widget\" data-widget_type=\"text-editor.default\">\n\t\t\t\t<div class=\"elementor-widget-container\">\n\t\t\t\t\t\t\t\t\t<p>En nuestra empresa, nos dedicamos a proporcionarte soluciones de empaque a medida, dise\u00f1adas para proteger tus productos y mejorar la eficiencia de tus procesos.<\/p><p>Nuestro enfoque personalizado y nuestra experiencia en la industria nos permiten ofrecerte resultados superiores y un servicio excepcional.<\/p><p>A lo largo de los a\u00f1os, hemos consolidado nuestra posici\u00f3n como l\u00edderes en la fabricaci\u00f3n y venta de cajas de cart\u00f3n, emplayes y cinta adhesiva. Nuestro enfoque en la calidad, la atenci\u00f3n al detalle y la satisfacci\u00f3n del cliente nos ha permitido establecer relaciones s\u00f3lidas con empresas de diversas industrias en todo M\u00e9xico. Nos enorgullece ser reconocidos como un socio confiable y experto en soluciones de empaque.<\/p>\t\t\t\t\t\t\t\t<\/div>\n\t\t\t\t<\/div>\n\t\t\t\t<\/div>\n\t\t\t\t\t<\/div>\n\t\t\t\t<\/div>\n\t\t<div class=\"elementor-element elementor-element-c17585c e-flex e-con-boxed e-con e-parent\" data-id=\"c17585c\" data-element_type=\"container\" data-settings=\"{&quot;background_background&quot;:&quot;classic&quot;}\">\n\t\t\t\t\t<div class=\"e-con-inner\">\n\t\t<div class=\"elementor-element elementor-element-c75710f e-flex e-con-boxed e-con e-parent\" data-id=\"c75710f\" data-element_type=\"container\">\n\t\t\t\t\t<div class=\"e-con-inner\">\n\t\t\t\t<div class=\"elementor-element elementor-element-5e90fa0 elementor-widget elementor-widget-text-editor\" data-id=\"5e90fa0\" data-element_type=\"widget\" data-widget_type=\"text-editor.default\">\n\t\t\t\t<div class=\"elementor-widget-container\">\n\t\t\t\t\t\t\t\t\t<p>Nuestra historia comenz\u00f3 en 2010 con la fabricaci\u00f3n de cajas de cart\u00f3n para empaque. A medida que crecimos, nos dimos cuenta de la necesidad de diversificar nuestra oferta para satisfacer las demandas cambiantes del mercado. As\u00ed, expandimos nuestro cat\u00e1logo para incluir cintas adhesivas y pel\u00edcula pl\u00e1stica (playo), brindando a nuestros clientes una soluci\u00f3n integral para sus necesidades de empaque. Nuestra pasi\u00f3n por la innovaci\u00f3n y la mejora continua nos impulsa a seguir buscando nuevas formas de ofrecerte los mejores productos y servicios.<\/p>\t\t\t\t\t\t\t\t<\/div>\n\t\t\t\t<\/div>\n\t\t\t\t\t<\/div>\n\t\t\t\t<\/div>\n\t\t\t\t\t<\/div>\n\t\t\t\t<\/div>\n\t\t<div class=\"elementor-element elementor-element-1cd65e13 e-con-full e-flex e-con e-parent\" data-id=\"1cd65e13\" data-element_type=\"container\" data-settings=\"{&quot;background_background&quot;:&quot;classic&quot;}\">\n\t\t<div class=\"elementor-element elementor-element-3b6c2cb5 e-con-full e-flex e-con e-parent\" data-id=\"3b6c2cb5\" data-element_type=\"container\" data-settings=\"{&quot;background_background&quot;:&quot;classic&quot;}\">\n\t\t\t\t<div class=\"elementor-element elementor-element-2fc48e1 elementor-widget elementor-widget-heading\" data-id=\"2fc48e1\" data-element_type=\"widget\" data-widget_type=\"heading.default\">\n\t\t\t\t<div class=\"elementor-widget-container\">\n\t\t\t\t\t<h4 class=\"elementor-heading-title elementor-size-default\">\u00a1Descubre c\u00f3mo nuestras soluciones pueden llevar tu negocio al siguiente nivel!<\/h4>\t\t\t\t<\/div>\n\t\t\t\t<\/div>\n\t\t\t\t<div class=\"elementor-element elementor-element-55405236 elementor-widget elementor-widget-text-editor\" data-id=\"55405236\" data-element_type=\"widget\" data-widget_type=\"text-editor.default\">\n\t\t\t\t<div class=\"elementor-widget-container\">\n\t\t\t\t\t\t\t\t\t<p>Esperamos poder ser tu socio confiable en soluciones de empaque.<\/p><p>\u00a1Explora nuestra p\u00e1gina y descubre c\u00f3mo podemos ayudarte a mejorar la protecci\u00f3n y presentaci\u00f3n de tus productos!<\/p>\t\t\t\t\t\t\t\t<\/div>\n\t\t\t\t<\/div>\n\t\t\t\t<div class=\"elementor-element elementor-element-265f9f11 elementor-widget elementor-widget-button\" data-id=\"265f9f11\" data-element_type=\"widget\" data-widget_type=\"button.default\">\n\t\t\t\t<div class=\"elementor-widget-container\">\n\t\t\t\t\t\t\t\t\t<div class=\"elementor-button-wrapper\">\n\t\t\t\t\t<a class=\"elementor-button elementor-button-link elementor-size-lg\" href=\"https:\/\/staging.inpacksolution.com.mx\/index.php\/contacto\/\">\n\t\t\t\t\t\t<span class=\"elementor-button-content-wrapper\">\n\t\t\t\t\t\t\t\t\t<span class=\"elementor-button-text\">\u00a1Contactanos ahora!<\/span>\n\t\t\t\t\t<\/span>\n\t\t\t\t\t<\/a>\n\t\t\t\t<\/div>\n\t\t\t\t\t\t\t\t<\/div>\n\t\t\t\t<\/div>\n\t\t\t\t<\/div>\n\t\t<div class=\"elementor-element elementor-element-6e68aa3e e-con-full e-flex e-con e-parent\" data-id=\"6e68aa3e\" data-element_type=\"container\" data-settings=\"{&quot;background_background&quot;:&quot;classic&quot;}\">\n\t\t\t\t<\/div>\n\t\t\t\t<\/div>\n\t\t<div class=\"elementor-element elementor-element-30939c7d e-flex e-con-boxed e-con e-parent\" data-id=\"30939c7d\" data-element_type=\"container\">\n\t\t\t\t\t<div class=\"e-con-inner\">\n\t\t\t\t\t<\/div>\n\t\t\t\t<\/div>\n\t\t\t\t<\/div>\n\t\t","protected":false},"excerpt":{"rendered":"<p>Conocenos Innovando el mundo del empaque desde el 2010. Calidad y compromiso en cada detalle de nuestros productos En nuestra empresa, nos enorgullece ser l\u00edderes en la fabricaci\u00f3n y venta de cajas de cart\u00f3n, emplayes y cinta adhesiva. Desde 2010, hemos brindado soluciones de empaque de alta calidad a diversas industrias en M\u00e9xico. Nuestro compromiso [&hellip;]<\/p>\n","protected":false},"author":1,"featured_media":0,"parent":0,"menu_order":0,"comment_status":"closed","ping_status":"closed","template":"","meta":{"site-sidebar-layout":"no-sidebar","site-content-layout":"page-builder","ast-site-content-layout":"full-width-container","site-content-style":"unboxed","site-sidebar-style":"unboxed","ast-global-header-display":"","ast-banner-title-visibility":"","ast-main-header-display":"","ast-hfb-above-header-display":"","ast-hfb-below-header-display":"","ast-hfb-mobile-header-display":"","site-post-title":"disabled","ast-breadcrumbs-content":"","ast-featured-img":"disabled","footer-sml-layout":"","theme-transparent-header-meta":"","adv-header-id-meta":"","stick-header-meta":"","header-above-stick-meta":"","header-main-stick-meta":"","header-below-stick-meta":"","astra-migrate-meta-layouts":"set","ast-page-background-enabled":"default","ast-page-background-meta":{"desktop":{"background-color":"var(--ast-global-color-4)","background-image":"","background-repeat":"repeat","background-position":"center center","background-size":"auto","background-attachment":"scroll","background-type":"","background-media":"","overlay-type":"","overlay-color":"","overlay-opacity":"","overlay-gradient":""},"tablet":{"background-color":"","background-image":"","background-repeat":"repeat","background-position":"center center","background-size":"auto","background-attachment":"scroll","background-type":"","background-media":"","overlay-type":"","overlay-color":"","overlay-opacity":"","overlay-gradient":""},"mobile":{"background-color":"","background-image":"","background-repeat":"repeat","background-position":"center center","background-size":"auto","background-attachment":"scroll","background-type":"","background-media":"","overlay-type":"","overlay-color":"","overlay-opacity":"","overlay-gradient":""}},"ast-content-background-meta":{"desktop":{"background-color":"var(--ast-global-color-5)","background-image":"","background-repeat":"repeat","background-position":"center center","background-size":"auto","background-attachment":"scroll","background-type":"","background-media":"","overlay-type":"","overlay-color":"","overlay-opacity":"","overlay-gradient":""},"tablet":{"background-color":"var(--ast-global-color-5)","background-image":"","background-repeat":"repeat","background-position":"center center","background-size":"auto","background-attachment":"scroll","background-type":"","background-media":"","overlay-type":"","overlay-color":"","overlay-opacity":"","overlay-gradient":""},"mobile":{"background-color":"var(--ast-global-color-5)","background-image":"","background-repeat":"repeat","background-position":"center center","background-size":"auto","background-attachment":"scroll","background-type":"","background-media":"","overlay-type":"","overlay-color":"","overlay-opacity":"","overlay-gradient":""}},"footnotes":""},"class_list":["post-98","page","type-page","status-publish","hentry"],"_links":{"self":[{"href":"https:\/\/staging.inpacksolution.com.mx\/index.php\/wp-json\/wp\/v2\/pages\/98","targetHints":{"allow":["GET"]}}],"collection":[{"href":"https:\/\/staging.inpacksolution.com.mx\/index.php\/wp-json\/wp\/v2\/pages"}],"about":[{"href":"https:\/\/staging.inpacksolution.com.mx\/index.php\/wp-json\/wp\/v2\/types\/page"}],"author":[{"embeddable":true,"href":"https:\/\/staging.inpacksolution.com.mx\/index.php\/wp-json\/wp\/v2\/users\/1"}],"replies":[{"embeddable":true,"href":"https:\/\/staging.inpacksolution.com.mx\/index.php\/wp-json\/wp\/v2\/comments?post=98"}],"version-history":[{"count":23,"href":"https:\/\/staging.inpacksolution.com.mx\/index.php\/wp-json\/wp\/v2\/pages\/98\/revisions"}],"predecessor-version":[{"id":381,"href":"https:\/\/staging.inpacksolution.com.mx\/index.php\/wp-json\/wp\/v2\/pages\/98\/revisions\/381"}],"wp:attachment":[{"href":"https:\/\/staging.inpacksolution.com.mx\/index.php\/wp-json\/wp\/v2\/media?parent=98"}],"curies":[{"name":"wp","href":"https:\/\/api.w.org\/{rel}","templated":true}]}}